{"id":89,"date":"2022-07-18T14:52:38","date_gmt":"2022-07-18T14:52:38","guid":{"rendered":"http:\/\/osprem.com.ar\/?page_id=89"},"modified":"2022-08-02T22:20:39","modified_gmt":"2022-08-02T22:20:39","slug":"planes-de-prevencion","status":"publish","type":"page","link":"http:\/\/osprem.com.ar\/index.php\/planes-de-prevencion\/","title":{"rendered":"Planes de prevenci\u00f3n"},"content":{"rendered":"\n<p><strong>Prevenci\u00f3n de C\u00e1ncer colorrectal.<\/strong><\/p>\n\n\n\n<p>Objetivo: disminuir la incidencia y la tasa de mortalidad del C\u00e1ncer Colorrectal en la poblaci\u00f3n afiliatoria, a trav\u00e9s de una intervenci\u00f3n oportuna en las primeras etapas de la enfermedad, detectando lesiones pre-cancerosas y estadios iniciales de esta enfermedad.<\/p>\n\n\n\n<p><strong>Poblaci\u00f3n en riesgo<\/strong><\/p>\n\n\n\n<ul class=\"wp-block-list\"><li>Afiliados de 50 a 70 a\u00f1os, de ambos sexos<\/li><li>Personas con\u00a0 factores de riesgo aumentado por antecedentes familiares de 1\u00ba grado (padre, madre, hijo y hermanos) de C\u00e1ncer Colorrectal (aun sin s\u00edntomas) y patolog\u00edas intestinales cr\u00f3nicas inflamatorias(Colitis ulcerosa, Enfermedad de Crohn).<\/li><\/ul>\n\n\n\n<p>No presenta s\u00edntomas en etapas tempranas, por lo que la prevenci\u00f3n es la mejor arma.<\/p>\n\n\n\n<p>El beneficiario acceder\u00e1 a este programa con Historia Cl\u00ednica que&nbsp; justifique la solicitud.<\/p>\n\n\n\n<p>Para mas informaci\u00f3n rogamos enviar un email a <a rel=\"noreferrer noopener\" href=\"mailto:osprembaradero@gmail.com\" target=\"_blank\">osprembaradero@gmail.com<\/a><\/p>\n\n\n\n<p><\/p>\n","protected":false},"excerpt":{"rendered":"<p>Prevenci\u00f3n de C\u00e1ncer colorrectal. Objetivo: disminuir la incidencia y la tasa de mortalidad del C\u00e1ncer Colorrectal en la poblaci\u00f3n afiliatoria, a trav\u00e9s de una intervenci\u00f3n oportuna en las primeras etapas de la enfermedad, detectando lesiones pre-cancerosas y estadios iniciales de esta enfermedad. Poblaci\u00f3n en riesgo Afiliados de 50 a 70 a\u00f1os, de ambos sexos Personas &hellip; <\/p>\n<p class=\"link-more\"><a href=\"http:\/\/osprem.com.ar\/index.php\/planes-de-prevencion\/\" class=\"more-link\">Segu\u00ed leyendo<span class=\"screen-reader-text\"> &#8220;Planes de prevenci\u00f3n&#8221;<\/span><\/a><\/p>\n","protected":false},"author":1,"featured_media":0,"parent":0,"menu_order":0,"comment_status":"closed","ping_status":"closed","template":"","meta":{"footnotes":""},"class_list":["post-89","page","type-page","status-publish","hentry"],"_links":{"self":[{"href":"http:\/\/osprem.com.ar\/index.php\/wp-json\/wp\/v2\/pages\/89","targetHints":{"allow":["GET"]}}],"collection":[{"href":"http:\/\/osprem.com.ar\/index.php\/wp-json\/wp\/v2\/pages"}],"about":[{"href":"http:\/\/osprem.com.ar\/index.php\/wp-json\/wp\/v2\/types\/page"}],"author":[{"embeddable":true,"href":"http:\/\/osprem.com.ar\/index.php\/wp-json\/wp\/v2\/users\/1"}],"replies":[{"embeddable":true,"href":"http:\/\/osprem.com.ar\/index.php\/wp-json\/wp\/v2\/comments?post=89"}],"version-history":[{"count":2,"href":"http:\/\/osprem.com.ar\/index.php\/wp-json\/wp\/v2\/pages\/89\/revisions"}],"predecessor-version":[{"id":110,"href":"http:\/\/osprem.com.ar\/index.php\/wp-json\/wp\/v2\/pages\/89\/revisions\/110"}],"wp:attachment":[{"href":"http:\/\/osprem.com.ar\/index.php\/wp-json\/wp\/v2\/media?parent=89"}],"curies":[{"name":"wp","href":"https:\/\/api.w.org\/{rel}","templated":true}]}}